{"id":1646,"date":"2025-03-11T16:42:44","date_gmt":"2025-03-11T15:42:44","guid":{"rendered":"https:\/\/www.alma-mater-eu.eu\/?page_id=1646"},"modified":"2025-03-12T16:03:48","modified_gmt":"2025-03-12T15:03:48","slug":"disclaimer","status":"publish","type":"page","link":"https:\/\/www.alma-mater-eu.eu\/de\/disclaimer\/","title":{"rendered":"Haftungsausschluss"},"content":{"rendered":"<div data-elementor-type=\"wp-page\" data-elementor-id=\"1646\" class=\"elementor elementor-1646\">\n\t\t\t\t<div class=\"elementor-element elementor-element-36cecd4e e-flex e-con-boxed e-con e-parent\" data-id=\"36cecd4e\" data-element_type=\"container\" data-e-type=\"container\" data-settings=\"{&quot;background_background&quot;:&quot;classic&quot;}\">\n\t\t\t\t\t<div class=\"e-con-inner\">\n\t\t\t\t<div class=\"elementor-element elementor-element-31fa866c elementor-widget__width-initial elementor-widget elementor-widget-heading\" data-id=\"31fa866c\" data-element_type=\"widget\" data-e-type=\"widget\" data-widget_type=\"heading.default\">\n\t\t\t\t<div class=\"elementor-widget-container\">\n\t\t\t\t\t<p class=\"elementor-heading-title elementor-size-default\">Haftungsausschluss<\/p>\t\t\t\t<\/div>\n\t\t\t\t<\/div>\n\t\t\t\t<div class=\"elementor-element elementor-element-5dab1837 elementor-widget__width-initial elementor-widget elementor-widget-heading\" data-id=\"5dab1837\" data-element_type=\"widget\" data-e-type=\"widget\" data-widget_type=\"heading.default\">\n\t\t\t\t<div class=\"elementor-widget-container\">\n\t\t\t\t\t<h1 class=\"elementor-heading-title elementor-size-default\">Alma Mater Europaea <br> - ECH -<\/h1>\t\t\t\t<\/div>\n\t\t\t\t<\/div>\n\t\t\t\t\t<\/div>\n\t\t\t\t<\/div>\n\t\t<div class=\"elementor-element elementor-element-93ede58 e-flex e-con-boxed e-con e-parent\" data-id=\"93ede58\" data-element_type=\"container\" data-e-type=\"container\">\n\t\t\t\t\t<div class=\"e-con-inner\">\n\t\t\t\t<div class=\"elementor-element elementor-element-21a8b9b elementor-widget elementor-widget-shortcode\" data-id=\"21a8b9b\" data-element_type=\"widget\" data-e-type=\"widget\" data-widget_type=\"shortcode.default\">\n\t\t\t\t<div class=\"elementor-widget-container\">\n\t\t\t\t\t\t\t<div class=\"elementor-shortcode\">\n<!-- Legal document generated by Complianz | GDPR\/CCPA Cookie Consent https:\/\/wordpress.org\/plugins\/complianz-gdpr -->\n<div id=\"cmplz-document\" class=\"cmplz-document disclaimer cmplz-document-all\"><p>ALMA MATER EUROPAEA \u2013 EUROP\u00c4ISCHES ZENTRUM HERRENBERG GmbH ist dazu verpflichtet, diese Website aktuell und akkurat zu halten. Solltest du dennoch auf irgendetwas sto\u00dfen, das veraltet oder inkorrekt ist, w\u00fcrden wir es sch\u00e4tzen, wenn du es uns wissen l\u00e4sst. Bitte weise darauf hin, wo du auf der Seite die Informationen gelesen hast. Wir werden uns dann so schnell wie m\u00f6glich darum k\u00fcmmern. Bitte senden Sie Ihre R\u00fcckmeldung an: <span class=\"cmplz-obfuscate\">Unterst\u00fctzung@<span class=\"cmplz-fmail-domain\">ex&#046;c&#111;m<\/span>&#097;l&#109;&#097;&#045;&#109;&#097;&#116;&#101;r-&#101;&#117;&#046;&#101;u<\/span>.<\/p><p>Wir \u00fcbernehmen keine Haftung f\u00fcr aus Ungenauigkeit oder Unvollst\u00e4ndigkeit resultierende Verluste, noch f\u00fcr entstehende Verluste oder Verbreitung von Informationen durch das Internet, wie St\u00f6rungen oder Unterbrechungen. Bei der Verwendung von Internetfomularen streben wir danach, die Anzahl der ben\u00f6tigten Felder zu minimieren. F\u00fcr jegliche Verluste die aus der Verwendung von ALMA MATER EUROPAEA - EUROPEAN CENTER HERRENBERG GmbH empfohlener oder stammender Daten, Hinweise oder Ideen \u00fcbernimmt ALMA MATER EUROPAEA - EUROPEAN CENTER HERRENBERG GmbH keine Haftung.<\/p><p>Per E-Mail oder mittels eines Internetformulars werden Antworten und Datenschutzanfragen in gleicher Weise wie Briefe behandelt. Dies bedeutet, dass du sp\u00e4testens innerhalb eines Monats mit einer Antwort von uns rechnen kannst. Im Falle umfangreicherer Anfragen werden wir dich innerhalb eines Monats wissen lassen, ob wir ein Maximum von drei Monaten ben\u00f6tigen.<\/p><p>Jegliche pers\u00f6nliche Informationen, welche Sie uns innerhalb des Kontexts Ihrer Antwort oder Ihres Antrags zur Verf\u00fcgung stellen, werden ausschlie\u00dflich gem\u00e4\u00df unserer Datenschutzerkl\u00e4rung genutzt.<\/p><p>ALMA MATER EUROPAEA - EUROPEAN CENTER HERRENBERG GmbH wird jede angemessene Ma\u00dfnahme ergreifen, um sein System gegen jede Form unrechtm\u00e4\u00dfiger Nutzung zu sch\u00fctzen. ALMA MATER EUROPAEA - EUROPEAN CENTER HERRENBERG GmbH wird geeignete Technologien und organisatorische Ma\u00dfnahmen zu diesem Zweck, unter Ber\u00fccksichtigung des aktuellen Standes der Technik, einf\u00fchren. Es ist jedoch nicht verantwortlich f\u00fcr direkte und\/oder indirekte Verluste jeglicher Art, welche bei einem Benutzer der Website auftreten, die der unrechtm\u00e4\u00dfigen Nutzung des Systems von Drittanbietern entspringt.<\/p><p>ALMA MATER EUROPAEA - EUROP\u00c4ISCHES ZENTRUM HERRENBERG GmbH \u00fcbernimmt keine Verantwortung f\u00fcr den Inhalt von Websites, zu denen oder von denen ein Hyperlink oder ein anderer Verweis f\u00fchrt. Produkte oder Serviceleistungen, die von Drittanbietern angeboten werden, werden nach entsprechenden Bedingungen und Konditionen Dritter behandelt.<\/p><p>Jegliches geistiges Eigentumsrecht an Inhalten auf dieser Website ist im Besitz von ALMA MATER EUROPAEA - EUROPEAN CENTER HERRENBERG GmbH oder von Drittanbietern, welche diese Inhalte selbst platziert haben, oder von denen ALMA MATER EUROPAEA - EUROPEAN CENTER HERRENBERG GmbH \u00fcber eine Endnutzer-Lizenzvereinbarung verf\u00fcgt.<\/p><p>Das Kopieren, Verbreiten oder jede andere Nutzung dieser Materialien ist ohne die schriftliche Genehmigung von ALMA MATER EUROPAEA - EUROPEAN CENTER HERRENBERG GmbH nicht gestattet, sofern in geltendem Gesetz nicht anders vereinbart oder ausgenommen (wie etwa das Recht zu zitieren), solang der spezifische Inhalt nichts anderes vorschreibt.<\/p><p>Wenn Sie Fragen oder Probleme mit der Verf\u00fcgbarkeit der Website haben, z\u00f6gern Sie nicht, uns zu kontaktieren.<\/p><\/div><\/div>\n\t\t\t\t\t\t<\/div>\n\t\t\t\t<\/div>\n\t\t\t\t\t<\/div>\n\t\t\t\t<\/div>\n\t\t\t\t<\/div>","protected":false},"excerpt":{"rendered":"<p>Disclaimer Alma Mater Europaea &#8211; ECH &#8211;<\/p>","protected":false},"author":1,"featured_media":0,"parent":0,"menu_order":0,"comment_status":"closed","ping_status":"closed","template":"","meta":{"site-sidebar-layout":"no-sidebar","site-content-layout":"","ast-site-content-layout":"full-width-container","site-content-style":"default","site-sidebar-style":"default","ast-global-header-display":"","ast-banner-title-visibility":"","ast-main-header-display":"","ast-hfb-above-header-display":"","ast-hfb-below-header-display":"","ast-hfb-mobile-header-display":"","site-post-title":"disabled","ast-breadcrumbs-content":"","ast-featured-img":"disabled","footer-sml-layout":"","ast-disable-related-posts":"","theme-transparent-header-meta":"","adv-header-id-meta":"","stick-header-meta":"","header-above-stick-meta":"","header-main-stick-meta":"","header-below-stick-meta":"","astra-migrate-meta-layouts":"default","ast-page-background-enabled":"default","ast-page-background-meta":{"desktop":{"background-color":"var(--ast-global-color-4)","background-image":"","background-repeat":"repeat","background-position":"center center","background-size":"auto","background-attachment":"scroll","background-type":"","background-media":"","overlay-type":"","overlay-color":"","overlay-opacity":"","overlay-gradient":""},"tablet":{"background-color":"","background-image":"","background-repeat":"repeat","background-position":"center center","background-size":"auto","background-attachment":"scroll","background-type":"","background-media":"","overlay-type":"","overlay-color":"","overlay-opacity":"","overlay-gradient":""},"mobile":{"background-color":"","background-image":"","background-repeat":"repeat","background-position":"center center","background-size":"auto","background-attachment":"scroll","background-type":"","background-media":"","overlay-type":"","overlay-color":"","overlay-opacity":"","overlay-gradient":""}},"ast-content-background-meta":{"desktop":{"background-color":"var(--ast-global-color-5)","background-image":"","background-repeat":"repeat","background-position":"center center","background-size":"auto","background-attachment":"scroll","background-type":"","background-media":"","overlay-type":"","overlay-color":"","overlay-opacity":"","overlay-gradient":""},"tablet":{"background-color":"var(--ast-global-color-5)","background-image":"","background-repeat":"repeat","background-position":"center center","background-size":"auto","background-attachment":"scroll","background-type":"","background-media":"","overlay-type":"","overlay-color":"","overlay-opacity":"","overlay-gradient":""},"mobile":{"background-color":"var(--ast-global-color-5)","background-image":"","background-repeat":"repeat","background-position":"center center","background-size":"auto","background-attachment":"scroll","background-type":"","background-media":"","overlay-type":"","overlay-color":"","overlay-opacity":"","overlay-gradient":""}},"footnotes":""},"class_list":["post-1646","page","type-page","status-publish","hentry"],"yoast_head":"<!-- This site is optimized with the Yoast SEO Premium plugin v27.2 (Yoast SEO v27.2) - https:\/\/yoast.com\/product\/yoast-seo-premium-wordpress\/ -->\n<title>Disclaimer - European Center Herrenberg<\/title>\n<meta name=\"robots\" content=\"index, follow, max-snippet:-1, max-image-preview:large, max-video-preview:-1\" \/>\n<link rel=\"canonical\" href=\"https:\/\/www.alma-mater-eu.eu\/de\/disclaimer\/\" \/>\n<meta property=\"og:locale\" content=\"de_DE\" \/>\n<meta property=\"og:type\" content=\"article\" \/>\n<meta property=\"og:title\" content=\"Disclaimer\" \/>\n<meta property=\"og:description\" content=\"Disclaimer Alma Mater Europaea &#8211; ECH &#8211;\" \/>\n<meta property=\"og:url\" content=\"https:\/\/www.alma-mater-eu.eu\/de\/disclaimer\/\" \/>\n<meta property=\"og:site_name\" content=\"European Center Herrenberg\" \/>\n<meta property=\"article:publisher\" content=\"https:\/\/www.facebook.com\/profile.php?id=61574097460808%2f\" \/>\n<meta property=\"article:modified_time\" content=\"2025-03-12T15:03:48+00:00\" \/>\n<meta property=\"og:image\" content=\"https:\/\/www.alma-mater-eu.eu\/wp-content\/uploads\/2025\/03\/Logo-AME-ECH_hoch_Pfade.png\" \/>\n\t<meta property=\"og:image:width\" content=\"1182\" \/>\n\t<meta property=\"og:image:height\" content=\"1252\" \/>\n\t<meta property=\"og:image:type\" content=\"image\/png\" \/>\n<meta name=\"twitter:card\" content=\"summary_large_image\" \/>\n<meta name=\"twitter:label1\" content=\"Gesch\u00e4tzte Lesezeit\" \/>\n\t<meta name=\"twitter:data1\" content=\"1\u00a0Minute\" \/>\n<script type=\"application\/ld+json\" class=\"yoast-schema-graph\">{\"@context\":\"https:\/\/schema.org\",\"@graph\":[{\"@type\":\"WebPage\",\"@id\":\"https:\/\/www.alma-mater-eu.eu\/disclaimer\/\",\"url\":\"https:\/\/www.alma-mater-eu.eu\/disclaimer\/\",\"name\":\"Disclaimer - European Center Herrenberg\",\"isPartOf\":{\"@id\":\"https:\/\/www.alma-mater-eu.eu\/#website\"},\"datePublished\":\"2025-03-11T15:42:44+00:00\",\"dateModified\":\"2025-03-12T15:03:48+00:00\",\"breadcrumb\":{\"@id\":\"https:\/\/www.alma-mater-eu.eu\/disclaimer\/#breadcrumb\"},\"inLanguage\":\"de\",\"potentialAction\":[{\"@type\":\"ReadAction\",\"target\":[\"https:\/\/www.alma-mater-eu.eu\/disclaimer\/\"]}]},{\"@type\":\"BreadcrumbList\",\"@id\":\"https:\/\/www.alma-mater-eu.eu\/disclaimer\/#breadcrumb\",\"itemListElement\":[{\"@type\":\"ListItem\",\"position\":1,\"name\":\"Home\",\"item\":\"https:\/\/www.alma-mater-eu.eu\/\"},{\"@type\":\"ListItem\",\"position\":2,\"name\":\"Disclaimer\"}]},{\"@type\":\"WebSite\",\"@id\":\"https:\/\/www.alma-mater-eu.eu\/#website\",\"url\":\"https:\/\/www.alma-mater-eu.eu\/\",\"name\":\"Alma Mater Europea ECH\",\"description\":\"European Center Herrenberg\",\"publisher\":{\"@id\":\"https:\/\/www.alma-mater-eu.eu\/#organization\"},\"potentialAction\":[{\"@type\":\"SearchAction\",\"target\":{\"@type\":\"EntryPoint\",\"urlTemplate\":\"https:\/\/www.alma-mater-eu.eu\/?s={search_term_string}\"},\"query-input\":{\"@type\":\"PropertyValueSpecification\",\"valueRequired\":true,\"valueName\":\"search_term_string\"}}],\"inLanguage\":\"de\"},{\"@type\":\"Organization\",\"@id\":\"https:\/\/www.alma-mater-eu.eu\/#organization\",\"name\":\"ALMA MATER EUROPAEA \u2013 EUROPEAN CENTER HERRENBERG GmbH\",\"url\":\"https:\/\/www.alma-mater-eu.eu\/\",\"logo\":{\"@type\":\"ImageObject\",\"inLanguage\":\"de\",\"@id\":\"https:\/\/www.alma-mater-eu.eu\/#\/schema\/logo\/image\/\",\"url\":\"https:\/\/www.alma-mater-eu.eu\/wp-content\/uploads\/2025\/03\/cropped-Logo-AME-ECH_Abkurzung_quer_weiss.png\",\"contentUrl\":\"https:\/\/www.alma-mater-eu.eu\/wp-content\/uploads\/2025\/03\/cropped-Logo-AME-ECH_Abkurzung_quer_weiss.png\",\"width\":2362,\"height\":787,\"caption\":\"ALMA MATER EUROPAEA \u2013 EUROPEAN CENTER HERRENBERG GmbH\"},\"image\":{\"@id\":\"https:\/\/www.alma-mater-eu.eu\/#\/schema\/logo\/image\/\"},\"sameAs\":[\"https:\/\/www.facebook.com\/profile.php?id=61574097460808\/\",\"https:\/\/www.linkedin.com\/company\/alma-mater-europaea-ech\",\"https:\/\/www.instagram.com\/almamatereuropaea_ech\/\"],\"email\":\"info@alma-mater-eu.eu\",\"telephone\":\"+49703294580\",\"legalName\":\"ALMA MATER EUROPAEA \u2013 EUROPEAN CENTER HERRENBERG GmbH\",\"publishingPrinciples\":\"https:\/\/www.alma-mater-eu.eu\/disclaimer\/\",\"ownershipFundingInfo\":\"https:\/\/www.alma-mater-eu.eu\/imprint\/\"}]}<\/script>\n<!-- \/ Yoast SEO Premium plugin. -->","yoast_head_json":{"title":"Haftungsausschluss - Europ\u00e4isches Zentrum Herrenberg","robots":{"index":"index","follow":"follow","max-snippet":"max-snippet:-1","max-image-preview":"max-image-preview:large","max-video-preview":"max-video-preview:-1"},"canonical":"https:\/\/www.alma-mater-eu.eu\/de\/disclaimer\/","og_locale":"de_DE","og_type":"article","og_title":"Disclaimer","og_description":"Disclaimer Alma Mater Europaea &#8211; ECH &#8211;","og_url":"https:\/\/www.alma-mater-eu.eu\/de\/disclaimer\/","og_site_name":"European Center Herrenberg","article_publisher":"https:\/\/www.facebook.com\/profile.php?id=61574097460808%2f","article_modified_time":"2025-03-12T15:03:48+00:00","og_image":[{"width":1182,"height":1252,"url":"https:\/\/www.alma-mater-eu.eu\/wp-content\/uploads\/2025\/03\/Logo-AME-ECH_hoch_Pfade.png","type":"image\/png"}],"twitter_card":"summary_large_image","twitter_misc":{"Gesch\u00e4tzte Lesezeit":"1\u00a0Minute"},"schema":{"@context":"https:\/\/schema.org","@graph":[{"@type":"WebPage","@id":"https:\/\/www.alma-mater-eu.eu\/disclaimer\/","url":"https:\/\/www.alma-mater-eu.eu\/disclaimer\/","name":"Haftungsausschluss - Europ\u00e4isches Zentrum Herrenberg","isPartOf":{"@id":"https:\/\/www.alma-mater-eu.eu\/#website"},"datePublished":"2025-03-11T15:42:44+00:00","dateModified":"2025-03-12T15:03:48+00:00","breadcrumb":{"@id":"https:\/\/www.alma-mater-eu.eu\/disclaimer\/#breadcrumb"},"inLanguage":"de","potentialAction":[{"@type":"ReadAction","target":["https:\/\/www.alma-mater-eu.eu\/disclaimer\/"]}]},{"@type":"BreadcrumbList","@id":"https:\/\/www.alma-mater-eu.eu\/disclaimer\/#breadcrumb","itemListElement":[{"@type":"ListItem","position":1,"name":"Home","item":"https:\/\/www.alma-mater-eu.eu\/"},{"@type":"ListItem","position":2,"name":"Disclaimer"}]},{"@type":"WebSite","@id":"https:\/\/www.alma-mater-eu.eu\/#website","url":"https:\/\/www.alma-mater-eu.eu\/","name":"Alma Mater Europea ECH","description":"European Center Herrenberg","publisher":{"@id":"https:\/\/www.alma-mater-eu.eu\/#organization"},"potentialAction":[{"@type":"SearchAction","target":{"@type":"EntryPoint","urlTemplate":"https:\/\/www.alma-mater-eu.eu\/?s={search_term_string}"},"query-input":{"@type":"PropertyValueSpecification","valueRequired":true,"valueName":"search_term_string"}}],"inLanguage":"de"},{"@type":"Organization","@id":"https:\/\/www.alma-mater-eu.eu\/#organization","name":"ALMA MATER EUROPAEA \u2013 EUROP\u00c4ISCHES ZENTRUM HERRENBERG GmbH","url":"https:\/\/www.alma-mater-eu.eu\/","logo":{"@type":"ImageObject","inLanguage":"de","@id":"https:\/\/www.alma-mater-eu.eu\/#\/schema\/logo\/image\/","url":"https:\/\/www.alma-mater-eu.eu\/wp-content\/uploads\/2025\/03\/cropped-Logo-AME-ECH_Abkurzung_quer_weiss.png","contentUrl":"https:\/\/www.alma-mater-eu.eu\/wp-content\/uploads\/2025\/03\/cropped-Logo-AME-ECH_Abkurzung_quer_weiss.png","width":2362,"height":787,"caption":"ALMA MATER EUROPAEA \u2013 EUROPEAN CENTER HERRENBERG GmbH"},"image":{"@id":"https:\/\/www.alma-mater-eu.eu\/#\/schema\/logo\/image\/"},"sameAs":["https:\/\/www.facebook.com\/profile.php?id=61574097460808\/","https:\/\/www.linkedin.com\/company\/alma-mater-europaea-ech","https:\/\/www.instagram.com\/almamatereuropaea_ech\/"],"email":"info@alma-mater-eu.eu","telephone":"+49703294580","legalName":"ALMA MATER EUROPAEA \u2013 EUROPEAN CENTER HERRENBERG GmbH","publishingPrinciples":"https:\/\/www.alma-mater-eu.eu\/disclaimer\/","ownershipFundingInfo":"https:\/\/www.alma-mater-eu.eu\/imprint\/"}]}},"_links":{"self":[{"href":"https:\/\/www.alma-mater-eu.eu\/de\/wp-json\/wp\/v2\/pages\/1646","targetHints":{"allow":["GET"]}}],"collection":[{"href":"https:\/\/www.alma-mater-eu.eu\/de\/wp-json\/wp\/v2\/pages"}],"about":[{"href":"https:\/\/www.alma-mater-eu.eu\/de\/wp-json\/wp\/v2\/types\/page"}],"author":[{"embeddable":true,"href":"https:\/\/www.alma-mater-eu.eu\/de\/wp-json\/wp\/v2\/users\/1"}],"replies":[{"embeddable":true,"href":"https:\/\/www.alma-mater-eu.eu\/de\/wp-json\/wp\/v2\/comments?post=1646"}],"version-history":[{"count":10,"href":"https:\/\/www.alma-mater-eu.eu\/de\/wp-json\/wp\/v2\/pages\/1646\/revisions"}],"predecessor-version":[{"id":1749,"href":"https:\/\/www.alma-mater-eu.eu\/de\/wp-json\/wp\/v2\/pages\/1646\/revisions\/1749"}],"wp:attachment":[{"href":"https:\/\/www.alma-mater-eu.eu\/de\/wp-json\/wp\/v2\/media?parent=1646"}],"curies":[{"name":"wp","href":"https:\/\/api.w.org\/{rel}","templated":true}]}}